{"id":1642,"date":"2021-03-16T21:10:49","date_gmt":"2021-03-17T00:10:49","guid":{"rendered":"http:\/\/haefligerelorandi.adv.br\/?page_id=1642"},"modified":"2021-12-26T22:27:37","modified_gmt":"2021-12-27T01:27:37","slug":"profissionais","status":"publish","type":"page","link":"https:\/\/haefligerelorandi.adv.br\/index.php\/profissionais\/","title":{"rendered":"Profissionais"},"content":{"rendered":"<p>[vc_row full_width=&#8221;stretch_row&#8221; disable_element=&#8221;yes&#8221; css=&#8221;.vc_custom_1615939839512{margin-top: 0px !important;margin-bottom: 0px !important;padding-top: 70px !important;padding-bottom: 80px !important;background-color: #ffffff !important;}&#8221;][vc_column css=&#8221;.vc_custom_1496743058962{padding-top: 0px !important;padding-bottom: 0px !important;}&#8221;][vc_custom_heading text=&#8221;Sobre N\u00f3s&#8221; font_container=&#8221;tag:h1|text_align:center&#8221; use_theme_fonts=&#8221;yes&#8221; css=&#8221;.vc_custom_1615939245408{margin-top: 0px !important;margin-bottom: 20px !important;padding-top: 0px !important;padding-bottom: 0px !important;}&#8221;][vc_single_image image=&#8221;1323&#8243; img_size=&#8221;full&#8221; alignment=&#8221;center&#8221; css=&#8221;.vc_custom_1513055746746{margin-top: 0px !important;margin-bottom: 0px !important;padding-top: 0px !important;padding-bottom: 0px !important;}&#8221;][vc_column_text css=&#8221;.vc_custom_1615939367097{margin-top: 0px !important;margin-bottom: 0px !important;}&#8221; el_class=&#8221;home-welcome-text&#8221;]<\/p>\n<p style=\"text-align: left;\">Nossa hist\u00f3ria iniciou no ano de 2012, primeiramente com a atua\u00e7\u00e3o da advogada Ana Marcia Baptista Haefliger OAB\/SC n\u00ba 35.104, que na \u00e9poca iniciava suas atividades advocat\u00edcias com experi\u00eancia na \u00e1rea previdenci\u00e1ria.<\/p>\n<p style=\"text-align: left;\">Comprometidos com o Direito e a Justi\u00e7a, priorizando o bem comum e visando contribuir para com a vida das pessoas e de toda uma sociedade, nosso escrit\u00f3rio cresceu e se tornou reconhecido por seu profissionalismo e compet\u00eancia, tendo como objetivo garantir a satisfa\u00e7\u00e3o de nossos clientes.<\/p>\n<p style=\"text-align: left;\">No ano de 2019, com a abertura da sociedade, a advogada Jessica Baptista Haefliger Lorandi OAB\/SC n\u00ba 54.647, iniciou sua participa\u00e7\u00e3o compondo o quadro societ\u00e1rio do escrit\u00f3rio Haefliger &amp; Lorandi Advogadas, inscrito na OAB\/SC n\u00ba 5291.<\/p>\n<p style=\"text-align: left;\">Pautado na transpar\u00eancia, \u00e9tica e compromisso com a excel\u00eancia, trabalhamos com atendimentos personalizados, buscando relacionamento direto e pessoal com cada cliente, atuando nos ramos do Direito Civil, Direito de Fam\u00edlia e Sucess\u00f5es, Direito do Consumidor, Direito Trabalhista e com \u00eanfase no Direito Previdenci\u00e1rio.<\/p>\n<p style=\"text-align: left;\">Atualmente o escrit\u00f3rio est\u00e1 situado no centro da cidade de Conc\u00f3rdia\/SC, com endere\u00e7o na Rua Marechal Deodoro, n\u00ba 772, Sala 74 no Edif\u00edcio Mirage Office, com nossa equipe de profissionais prontos a lhe atender.<\/p>\n<p>[\/vc_column_text][\/vc_column][\/vc_row][vc_row full_width=&#8221;stretch_row_content_no_spaces&#8221; css=&#8221;.vc_custom_1615939967900{margin-top: 0px !important;margin-bottom: 0px !important;padding-top: 80px !important;padding-bottom: 0px !important;background-color: #f8f8f8 !important;}&#8221;][vc_column width=&#8221;1\/2&#8243; css=&#8221;.vc_custom_1497244080415{margin-top: 0px !important;margin-bottom: 0px !important;padding-top: 0px !important;padding-right: 0px !important;padding-bottom: 0px !important;padding-left: 0px !important;}&#8221;][vc_single_image image=&#8221;1705&#8243; img_size=&#8221;full&#8221; alignment=&#8221;right&#8221; css=&#8221;.vc_custom_1623971755602{margin-top: 0px !important;margin-bottom: 0px !important;}&#8221;][\/vc_column][vc_column width=&#8221;1\/2&#8243; css=&#8221;.vc_custom_1513056479926{margin-top: 0px !important;margin-bottom: 0px !important;padding-top: 68px !important;padding-right: 30px !important;padding-bottom: 56px !important;padding-left: 30px !important;}&#8221;][vc_custom_heading text=&#8221;ANA MARCIA BAPTISTA HAEFLIGER&#8221; font_container=&#8221;tag:h3|font_size:30px|text_align:left|line_height:40px&#8221; use_theme_fonts=&#8221;yes&#8221; css=&#8221;.vc_custom_1616461394536{margin-top: 0px !important;margin-bottom: 0px !important;}&#8221;][vc_column_text css=&#8221;.vc_custom_1616461494938{margin-top: 0px !important;margin-bottom: 0px !important;}&#8221; el_class=&#8221;home-welcome-text about-bio-section pull-left&#8221;]<\/p>\n<p style=\"text-align: left;\">OAB\/SC n\u00ba 35.104.<\/p>\n<p style=\"text-align: left;\">Advogada e S\u00f3cia propriet\u00e1ria da Haefliger &amp; Lorandi Advogadas, atua na cidade de Conc\u00f3rdia\/SC desde 2012.<\/p>\n<p style=\"text-align: left;\">Graduada em Direito pela Universidade do Contestado \u2013 UNC campus Conc\u00f3rdia\/SC, 2011.<\/p>\n<p style=\"text-align: left;\">P\u00f3s-Graduanda lato sensu em Direito Previdenci\u00e1rio pela UCAM\/RJ \u2013 Universidade Candido Mendes.<\/p>\n<p style=\"text-align: left;\">Cursos de atualiza\u00e7\u00e3o nas \u00e1reas C\u00edvel e Previdenci\u00e1ria.<\/p>\n<p style=\"text-align: left;\">E-mail: <a href=\"mailto:anamarcia02@yahoo.com.br\">anamarcia02@yahoo.com.br<\/a><\/p>\n<p>[\/vc_column_text][\/vc_column][\/vc_row][vc_row full_width=&#8221;stretch_row_content_no_spaces&#8221; css=&#8221;.vc_custom_1616461674546{margin-top: 0px !important;margin-bottom: 0px !important;padding-top: 0px !important;padding-bottom: 0px !important;background-color: #f8f8f8 !important;}&#8221;][vc_column width=&#8221;1\/2&#8243; css=&#8221;.vc_custom_1497245879843{margin-top: 0px !important;margin-bottom: 0px !important;padding-top: 0px !important;padding-right: 0px !important;padding-bottom: 0px !important;padding-left: 0px !important;}&#8221; el_class=&#8221;pull-right&#8221;][vc_single_image image=&#8221;1704&#8243; img_size=&#8221;full&#8221; css=&#8221;.vc_custom_1623971769337{margin-top: 0px !important;margin-bottom: 0px !important;}&#8221;][\/vc_column][vc_column width=&#8221;1\/2&#8243; css=&#8221;.vc_custom_1497245888448{margin-top: 0px !important;margin-bottom: 0px !important;padding-top: 70px !important;padding-right: 30px !important;padding-bottom: 70px !important;padding-left: 30px !important;}&#8221; el_class=&#8221;pull-left&#8221;][vc_custom_heading text=&#8221;JESSICA BAPTISTA HAEFLIGER LORANDI&#8221; font_container=&#8221;tag:h3|font_size:30px|text_align:right|line_height:40px&#8221; use_theme_fonts=&#8221;yes&#8221; css=&#8221;.vc_custom_1616461594108{margin-top: 0px !important;margin-bottom: 0px !important;}&#8221;][vc_column_text css=&#8221;.vc_custom_1616461543039{margin-top: 0px !important;margin-bottom: 0px !important;}&#8221; el_class=&#8221;home-welcome-text about-bio-section pull-right&#8221;]<\/p>\n<p style=\"text-align: right;\">OAB\/SC n\u00ba 54.647<\/p>\n<p style=\"text-align: right;\">Advogada e S\u00f3cia propriet\u00e1ria da Haefliger &amp; Lorandi Advogadas, atua na cidade de Conc\u00f3rdia\/SC desde 2019.<\/p>\n<p style=\"text-align: right;\">Graduada em Direito pela FACC &#8211; Faculdade Conc\u00f3rdia, 2018.<\/p>\n<p style=\"text-align: right;\">P\u00f3s-Graduada lato sensu em Direito e Processo do Trabalho pela UCAM\/RJ \u2013 Universidade Candido Mendes.<\/p>\n<p style=\"text-align: right;\">Cursos de atualiza\u00e7\u00e3o na \u00e1rea Previdenci\u00e1ria.<\/p>\n<p style=\"text-align: right;\">E-mail: <a href=\"mailto:contatosc.jessica@gmail.com\">contatosc.jessica@gmail.com<\/a><\/p>\n<p>[\/vc_column_text][\/vc_column][\/vc_row][vc_row full_width=&#8221;stretch_row_content_no_spaces&#8221; css=&#8221;.vc_custom_1616461680176{margin-top: 0px !important;margin-bottom: 0px !important;padding-top: 0px !important;padding-bottom: 60px !important;background-color: #f8f8f8 !important;}&#8221;][vc_column width=&#8221;1\/2&#8243; css=&#8221;.vc_custom_1497244080415{margin-top: 0px !important;margin-bottom: 0px !important;padding-top: 0px !important;padding-right: 0px !important;padding-bottom: 0px !important;padding-left: 0px !important;}&#8221;][vc_single_image image=&#8221;1703&#8243; img_size=&#8221;full&#8221; alignment=&#8221;right&#8221; css=&#8221;.vc_custom_1623971777343{margin-top: 0px !important;margin-bottom: 0px !important;}&#8221;][\/vc_column][vc_column width=&#8221;1\/2&#8243; css=&#8221;.vc_custom_1513056479926{margin-top: 0px !important;margin-bottom: 0px !important;padding-top: 68px !important;padding-right: 30px !important;padding-bottom: 56px !important;padding-left: 30px !important;}&#8221;][vc_custom_heading text=&#8221;MATHEUS BAPTISTA HAEFLIGER&#8221; font_container=&#8221;tag:h3|font_size:30px|text_align:left|line_height:40px&#8221; use_theme_fonts=&#8221;yes&#8221; css=&#8221;.vc_custom_1616461727466{margin-top: 80px !important;margin-bottom: 0px !important;}&#8221;][vc_column_text css=&#8221;.vc_custom_1640568454995{margin-top: 0px !important;margin-bottom: 0px !important;}&#8221; el_class=&#8221;home-welcome-text about-bio-section pull-left&#8221;]<\/p>\n<p style=\"text-align: left;\">Recep\u00e7\u00e3o.<\/p>\n<p>Auxiliar administrativo. Integra a equipe de profissionais desde o ano de 2017 realizando atendimentos presenciais e na \u00e1rea administrativa.<\/p>\n<p>T\u00e9cnico em administra\u00e7\u00e3o, 2019.[\/vc_column_text][\/vc_column][\/vc_row][vc_row full_width=&#8221;stretch_row&#8221; disable_element=&#8221;yes&#8221; css=&#8221;.vc_custom_1615939407735{margin-top: 0px !important;margin-bottom: 0px !important;padding-top: 70px !important;padding-bottom: 30px !important;background-color: #ffffff !important;}&#8221;][vc_column width=&#8221;5\/12&#8243; css=&#8221;.vc_custom_1497246150369{margin-top: 0px !important;margin-bottom: 40px !important;padding-top: 0px !important;padding-bottom: 0px !important;}&#8221;][vc_row_inner css=&#8221;.vc_custom_1513056529050{margin-top: 0px !important;margin-right: 0px !important;margin-bottom: 0px !important;margin-left: 0px !important;padding-top: 30px !important;padding-right: 30px !important;padding-bottom: 35px !important;padding-left: 30px !important;background-color: #1a202d !important;}&#8221;][vc_column_inner css=&#8221;.vc_custom_1497250448456{padding-top: 0px !important;padding-right: 0px !important;padding-bottom: 0px !important;padding-left: 0px !important;}&#8221;][vc_custom_heading text=&#8221;Our Clients Love Us&#8221; font_container=&#8221;tag:h4|font_size:20px|text_align:left|color:%23f8d065&#8243; use_theme_fonts=&#8221;yes&#8221; css=&#8221;.vc_custom_1513056547799{margin-top: 0px !important;margin-bottom: 25px !important;}&#8221;][vc_column_text el_class=&#8221;home-welcome-text white&#8221; css=&#8221;.vc_custom_1513056560726{margin-top: 0px !important;margin-bottom: 20px !important;}&#8221;]<\/p>\n<blockquote><p>Lorem ipsum dolor sit amet, consectetur adipiscing elit, sed do eiusmod tempor incididunt ut labore et dolore magna aliqua. Ut enim ad minim veniam, quis nostrud exercitation ullamco laboris nisi ut aliquip.<\/p><\/blockquote>\n<p>[\/vc_column_text][vc_custom_heading text=&#8221;- Michaela Lobel (Google Review)&#8221; font_container=&#8221;tag:h6|font_size:16px|text_align:right|color:%23f8d065|line_height:23px&#8221; google_fonts=&#8221;font_family:Bitter%3Aregular%2Citalic%2C700|font_style:400%20regular%3A400%3Anormal&#8221; css=&#8221;.vc_custom_1513057200756{margin-top: 0px !important;margin-bottom: 0px !important;}&#8221;][\/vc_column_inner][\/vc_row_inner][\/vc_column][vc_column width=&#8221;7\/12&#8243; css=&#8221;.vc_custom_1497246157072{margin-top: 0px !important;margin-bottom: 40px !important;padding-top: 0px !important;padding-bottom: 0px !important;}&#8221;][vc_custom_heading text=&#8221;Tolmage, Peskin, Harris, Falick&#8221; font_container=&#8221;tag:h3|text_align:left|color:%23161922&#8243; use_theme_fonts=&#8221;yes&#8221; css=&#8221;.vc_custom_1513057319690{margin-top: 0px !important;margin-bottom: 20px !important;}&#8221;][vc_column_text css=&#8221;.vc_custom_1513057346617{margin-top: 0px !important;margin-bottom: 0px !important;}&#8221; el_class=&#8221;home-welcome-text&#8221;]Lorem ipsum dolor sit amet, consectetur adipiscing elit, sed do eiusmod tempor incididunt ut labore et dolore magna aliqua. Ut enim ad minim veniam, quis nostrud exercitation ullamco laboris nisi ut aliquip ex ea commodo consequat.<\/p>\n<p>Duis aute irure dolor in reprehenderit in voluptate velit esse cillum dolore eu fugiat nulla pariatur. Excepteur sint occaecat cupidatat non proident,<\/p>\n<p><span style=\"color: #212121;\"><strong>Lorem ipsum dolor sit amet, consectetur adipiscing elit, sed do eiusmod tempor incididunt ut labore et dolore magna aliqua.<\/strong><\/span>[\/vc_column_text][\/vc_column][\/vc_row][vc_row full_width=&#8221;stretch_row&#8221; disable_element=&#8221;yes&#8221; css=&#8221;.vc_custom_1615939415688{margin-bottom: 70px !important;border-top-width: 1px !important;border-bottom-width: 1px !important;padding-top: 65px !important;padding-bottom: 55px !important;border-top-color: #ebebeb !important;border-bottom-color: #ebebeb !important;}&#8221;][vc_column css=&#8221;.vc_custom_1513057544555{margin-top: 0px !important;margin-bottom: 0px !important;padding-top: 0px !important;padding-bottom: 0px !important;}&#8221;][vc_custom_heading text=&#8221;THEY TRUST US&#8221; font_container=&#8221;tag:h4|font_size:14px|text_align:center|color:%230f1118|line_height:23px&#8221; google_fonts=&#8221;font_family:Montserrat%3Aregular%2C700|font_style:700%20bold%20regular%3A700%3Anormal&#8221; css=&#8221;.vc_custom_1513057750106{margin-top: 0px !important;margin-bottom: 10px !important;padding-top: 0px !important;padding-bottom: 0px !important;}&#8221;][vc_custom_heading text=&#8221;Our Clients&#8221; font_container=&#8221;tag:h3|font_size:30px|text_align:center|line_height:30px&#8221; use_theme_fonts=&#8221;yes&#8221; css=&#8221;.vc_custom_1513057687733{margin-top: 0px !important;margin-bottom: 0px !important;padding-top: 0px !important;padding-bottom: 0px !important;}&#8221;][vc_row_inner css=&#8221;.vc_custom_1513073374834{margin-top: 18px !important;margin-bottom: 35px !important;padding-top: 0px !important;padding-bottom: 0px !important;}&#8221;][vc_column_inner width=&#8221;1\/12&#8243;][\/vc_column_inner][vc_column_inner width=&#8221;5\/6&#8243;][vc_column_text css=&#8221;.vc_custom_1513057849403{margin-top: 0px !important;margin-bottom: 0px !important;padding-top: 0px !important;padding-bottom: 0px !important;}&#8221;]<\/p>\n<p style=\"text-align: center;\">Lorem ipsum dolor sit amet, consectetur adipiscing elit, sed do eiusmod tempor incididunt ut labore et dolore magna aliqua. Ut enim ad minim veniam, quis nostrud exercitation ullamco<\/p>\n<p>[\/vc_column_text][\/vc_column_inner][vc_column_inner width=&#8221;1\/12&#8243;][\/vc_column_inner][\/vc_row_inner]<div class=\"clients owl-carousel element-one owl-nav-style-one owl-dot-style-one \"  data-owl-nav=\"false\" data-owl-dots=\"false\" data-owl-loop=\"true\" data-owl-autoplay=\"true\" data-owl-autoplay-timeout=\"6\" data-owl-mobile-items=\"1\" data-owl-tab-items=\"5\" data-owl-desktop-items=\"5\"><div class=\"clients-item\"><!-- clients-item --><div class=\"clients-item\"><div class=\"holder matchHeight\"><div class=\"table\"><div class=\"table-cell\"><div class=\"pic\"><img loading=\"lazy\" decoding=\"async\" width=\"100\" height=\"84\" src=\"https:\/\/haefligerelorandi.adv.br\/wp-content\/uploads\/2017\/12\/clients-image-07.png\" class=\"attachment-post-thumbnail size-post-thumbnail wp-post-image\" alt=\"Clients\" \/><\/div><\/div><\/div><\/div><\/div><!-- clients-item --><\/div><div class=\"clients-item\"><!-- clients-item --><div class=\"clients-item\"><div class=\"holder matchHeight\"><div class=\"table\"><div class=\"table-cell\"><div class=\"pic\"><img loading=\"lazy\" decoding=\"async\" width=\"156\" height=\"63\" src=\"https:\/\/haefligerelorandi.adv.br\/wp-content\/uploads\/2017\/12\/clients-image-06.png\" class=\"attachment-post-thumbnail size-post-thumbnail wp-post-image\" alt=\"Clients\" \/><\/div><\/div><\/div><\/div><\/div><!-- clients-item --><\/div><div class=\"clients-item\"><!-- clients-item --><div class=\"clients-item\"><div class=\"holder matchHeight\"><div class=\"table\"><div class=\"table-cell\"><div class=\"pic\"><img loading=\"lazy\" decoding=\"async\" width=\"141\" height=\"57\" src=\"https:\/\/haefligerelorandi.adv.br\/wp-content\/uploads\/2017\/12\/clients-image-05.png\" class=\"attachment-post-thumbnail size-post-thumbnail wp-post-image\" alt=\"Clients\" \/><\/div><\/div><\/div><\/div><\/div><!-- clients-item --><\/div><div class=\"clients-item\"><!-- clients-item --><div class=\"clients-item\"><div class=\"holder matchHeight\"><div class=\"table\"><div class=\"table-cell\"><div class=\"pic\"><img loading=\"lazy\" decoding=\"async\" width=\"157\" height=\"74\" src=\"https:\/\/haefligerelorandi.adv.br\/wp-content\/uploads\/2017\/12\/clients-image-04.png\" class=\"attachment-post-thumbnail size-post-thumbnail wp-post-image\" alt=\"Clients\" \/><\/div><\/div><\/div><\/div><\/div><!-- clients-item --><\/div><div class=\"clients-item\"><!-- clients-item --><div class=\"clients-item\"><div class=\"holder matchHeight\"><div class=\"table\"><div class=\"table-cell\"><div class=\"pic\"><img loading=\"lazy\" decoding=\"async\" width=\"102\" height=\"79\" src=\"https:\/\/haefligerelorandi.adv.br\/wp-content\/uploads\/2017\/12\/clients-image-03.png\" class=\"attachment-post-thumbnail size-post-thumbnail wp-post-image\" alt=\"Clients\" \/><\/div><\/div><\/div><\/div><\/div><!-- clients-item --><\/div><div class=\"clients-item\"><!-- clients-item --><div class=\"clients-item\"><div class=\"holder matchHeight\"><div class=\"table\"><div class=\"table-cell\"><div class=\"pic\"><img loading=\"lazy\" decoding=\"async\" width=\"100\" height=\"84\" src=\"https:\/\/haefligerelorandi.adv.br\/wp-content\/uploads\/2017\/12\/clients-image-02.png\" class=\"attachment-post-thumbnail size-post-thumbnail wp-post-image\" alt=\"clients\" \/><\/div><\/div><\/div><\/div><\/div><!-- clients-item --><\/div><div class=\"clients-item\"><!-- clients-item --><div class=\"clients-item\"><div class=\"holder matchHeight\"><div class=\"table\"><div class=\"table-cell\"><div class=\"pic\"><img loading=\"lazy\" decoding=\"async\" width=\"156\" height=\"63\" src=\"https:\/\/haefligerelorandi.adv.br\/wp-content\/uploads\/2017\/12\/clients-image-01.png\" class=\"attachment-post-thumbnail size-post-thumbnail wp-post-image\" alt=\"clients\" \/><\/div><\/div><\/div><\/div><\/div><!-- clients-item --><\/div><\/div>[\/vc_column][\/vc_row]<\/p>\n","protected":false},"excerpt":{"rendered":"<p>[vc_row full_width=&#8221;stretch_row&#8221; disable_element=&#8221;yes&#8221; css=&#8221;.vc_custom_1615939839512{margin-top: 0px !important;margin-bottom: 0px !important;padding-top: 70px !important;padding-bottom: 80px !important;background-color: #ffffff !important;}&#8221;][vc_column css=&#8221;.vc_custom_1496743058962{padding-top: 0px !important;padding-bottom: 0px !important;}&#8221;][vc_custom_heading text=&#8221;Sobre N\u00f3s&#8221; font_container=&#8221;tag:h1|text_align:center&#8221; use_theme_fonts=&#8221;yes&#8221; css=&#8221;.vc_custom_1615939245408{margin-top: 0px !important;margin-bottom: 20px !important;padding-top: 0px !important;padding-bottom: 0px !important;}&#8221;][vc_single_image image=&#8221;1323&#8243; img_size=&#8221;full&#8221; alignment=&#8221;center&#8221; css=&#8221;.vc_custom_1513055746746{margin-top: 0px !important;margin-bottom: 0px !important;padding-top: 0px !important;padding-bottom: 0px !important;}&#8221;][vc_column_text css=&#8221;.vc_custom_1615939367097{margin-top: 0px !important;margin-bottom: 0px !important;}&#8221; el_class=&#8221;home-welcome-text&#8221;] Nossa hist\u00f3ria iniciou no ano [&hellip;]<\/p>\n","protected":false},"author":1,"featured_media":1636,"parent":0,"menu_order":0,"comment_status":"closed","ping_status":"closed","template":"","meta":{"footnotes":""},"class_list":["post-1642","page","type-page","status-publish","has-post-thumbnail","hentry"],"_links":{"self":[{"href":"https:\/\/haefligerelorandi.adv.br\/index.php\/wp-json\/wp\/v2\/pages\/1642","targetHints":{"allow":["GET"]}}],"collection":[{"href":"https:\/\/haefligerelorandi.adv.br\/index.php\/wp-json\/wp\/v2\/pages"}],"about":[{"href":"https:\/\/haefligerelorandi.adv.br\/index.php\/wp-json\/wp\/v2\/types\/page"}],"author":[{"embeddable":true,"href":"https:\/\/haefligerelorandi.adv.br\/index.php\/wp-json\/wp\/v2\/users\/1"}],"replies":[{"embeddable":true,"href":"https:\/\/haefligerelorandi.adv.br\/index.php\/wp-json\/wp\/v2\/comments?post=1642"}],"version-history":[{"count":20,"href":"https:\/\/haefligerelorandi.adv.br\/index.php\/wp-json\/wp\/v2\/pages\/1642\/revisions"}],"predecessor-version":[{"id":1727,"href":"https:\/\/haefligerelorandi.adv.br\/index.php\/wp-json\/wp\/v2\/pages\/1642\/revisions\/1727"}],"wp:featuredmedia":[{"embeddable":true,"href":"https:\/\/haefligerelorandi.adv.br\/index.php\/wp-json\/wp\/v2\/media\/1636"}],"wp:attachment":[{"href":"https:\/\/haefligerelorandi.adv.br\/index.php\/wp-json\/wp\/v2\/media?parent=1642"}],"curies":[{"name":"wp","href":"https:\/\/api.w.org\/{rel}","templated":true}]}}