{"id":1570,"date":"2017-06-07T06:32:24","date_gmt":"2017-06-07T06:32:24","guid":{"rendered":"http:\/\/wordpresstheme.net\/dump\/?page_id=64"},"modified":"2021-03-22T21:35:34","modified_gmt":"2021-03-23T00:35:34","slug":"practice-areas","status":"publish","type":"page","link":"https:\/\/haefligerelorandi.adv.br\/index.php\/practice-areas\/","title":{"rendered":"Atua\u00e7\u00e3o"},"content":{"rendered":"<p>[vc_row full_width=&#8221;stretch_row&#8221; css=&#8221;.vc_custom_1513078972248{margin-top: 0px !important;margin-bottom: 0px !important;padding-top: 60px !important;padding-bottom: 40px !important;background-color: #ffffff !important;}&#8221;][vc_column css=&#8221;.vc_custom_1496743058962{padding-top: 0px !important;padding-bottom: 0px !important;}&#8221;][vc_custom_heading text=&#8221;Atua\u00e7\u00e3o&#8221; font_container=&#8221;tag:h1|text_align:center&#8221; use_theme_fonts=&#8221;yes&#8221; css=&#8221;.vc_custom_1616459542075{margin-top: 0px !important;margin-bottom: 15px !important;}&#8221;][vc_single_image image=&#8221;1323&#8243; img_size=&#8221;full&#8221; alignment=&#8221;center&#8221; css=&#8221;.vc_custom_1513079023525{margin-top: 0px !important;margin-bottom: 0px !important;padding-top: 0px !important;padding-bottom: 0px !important;}&#8221;][vc_column_text css=&#8221;.vc_custom_1499329053270{margin-top: 0px !important;margin-bottom: 70px !important;}&#8221; el_class=&#8221;home-welcome-text&#8221;]<\/p>\n<p style=\"text-align: center;\">Lorem ipsum dolor sit amet, consectetur adipiscing elit, sed do eiusmod tempor incididunt ut labore et dolore magna aliqua. Ut enim ad minim veniam, quis nostrud exercitation ullamco laboris nisi ut aliquip ex ea commodo consequat.<\/p>\n<p>[\/vc_column_text][vc_row_inner css=&#8221;.vc_custom_1510747977487{margin-top: 0px !important;margin-bottom: 0px !important;}&#8221;][vc_column_inner width=&#8221;1\/4&#8243; css=&#8221;.vc_custom_1510747972103{margin-top: 0px !important;margin-bottom: 40px !important;}&#8221;][vc_widget_sidebar sidebar_id=&#8221;practice-areas-sidebar&#8221;][\/vc_column_inner][vc_column_inner width=&#8221;3\/4&#8243; css=&#8221;.vc_custom_1510747966761{margin-top: 0px !important;margin-bottom: 40px !important;}&#8221;]<!-- areas-of-practise -->\r\n                        <div class=\"row areas-of-practise main-concept-two \"><div class=\"col-lg-6 col-md-6 col-sm-6 col-sm-12\">\r\n                               <!-- areas-of-practise-item -->\r\n                               <div class=\"areas-of-practise-item matchHeight\">\r\n                               <div class=\"holder\">\r\n                               <div class=\"row\">\r\n                               <div class=\"col-lg-6 col-md-6 col-sm-6 col-xs-12\">\r\n                               <div class=\"pic\"><img loading=\"lazy\" decoding=\"async\" width=\"1501\" height=\"1242\" src=\"https:\/\/haefligerelorandi.adv.br\/wp-content\/uploads\/2017\/06\/trabalho.jpg\" class=\"attachment-attorneypress-advisors-areas size-attorneypress-advisors-areas wp-post-image\" alt=\"\" srcset=\"https:\/\/haefligerelorandi.adv.br\/wp-content\/uploads\/2017\/06\/trabalho.jpg 1501w, https:\/\/haefligerelorandi.adv.br\/wp-content\/uploads\/2017\/06\/trabalho-300x248.jpg 300w, https:\/\/haefligerelorandi.adv.br\/wp-content\/uploads\/2017\/06\/trabalho-1024x847.jpg 1024w, https:\/\/haefligerelorandi.adv.br\/wp-content\/uploads\/2017\/06\/trabalho-768x635.jpg 768w\" sizes=\"auto, (max-width: 1501px) 100vw, 1501px\" \/><\/div>\r\n                                <\/div>\r\n                                <div class=\"col-lg-6 col-md-6 col-sm-6 col-xs-12\">\r\n                                <div class=\"data\"><h4><a href=\"https:\/\/haefligerelorandi.adv.br\/index.php\/practice-areas\/family-law\/\">Trabalho<\/a><\/h4><p>Com lastro no Direito do Trabalho, que rege as rela\u00e7\u00f5es entre empregadores e empregados<\/p><a class=\"btn\"  href=\"https:\/\/haefligerelorandi.adv.br\/index.php\/practice-areas\/family-law\/\">Read More<i class=\"fa fa-angle-right\"><\/i><\/a><\/div>\r\n\t\t\t\t\t\t\t\t\t<\/div>\r\n\t\t\t\t\t\t\t\t\t<\/div>\r\n\t\t\t\t\t\t\t\t\t<\/div>\r\n\t\t\t\t\t\t\t\t\t<\/div>\r\n\t\t\t\t\t\t\t\t\t<!-- areas-of-practise-item -->\r\n\t\t\t\t\t\t\t\t\t<\/div><div class=\"col-lg-6 col-md-6 col-sm-6 col-sm-12\">\r\n                               <!-- areas-of-practise-item -->\r\n                               <div class=\"areas-of-practise-item matchHeight\">\r\n                               <div class=\"holder\">\r\n                               <div class=\"row\">\r\n                               <div class=\"col-lg-6 col-md-6 col-sm-6 col-xs-12\">\r\n                               <div class=\"pic\"><img loading=\"lazy\" decoding=\"async\" width=\"1500\" height=\"1241\" src=\"https:\/\/haefligerelorandi.adv.br\/wp-content\/uploads\/2017\/06\/Tax-Law.jpg\" class=\"attachment-attorneypress-advisors-areas size-attorneypress-advisors-areas wp-post-image\" alt=\"\" \/><\/div>\r\n                                <\/div>\r\n                                <div class=\"col-lg-6 col-md-6 col-sm-6 col-xs-12\">\r\n                                <div class=\"data\"><h4><a href=\"https:\/\/haefligerelorandi.adv.br\/index.php\/practice-areas\/tax-law\/\">Tax Law<\/a><\/h4><p>Duis aute irure dolor in reprehenderit in voluptate velit esse cillum dolore eu fugiat nulla pariatu<\/p><a class=\"btn\"  href=\"https:\/\/haefligerelorandi.adv.br\/index.php\/practice-areas\/tax-law\/\">Read More<i class=\"fa fa-angle-right\"><\/i><\/a><\/div>\r\n\t\t\t\t\t\t\t\t\t<\/div>\r\n\t\t\t\t\t\t\t\t\t<\/div>\r\n\t\t\t\t\t\t\t\t\t<\/div>\r\n\t\t\t\t\t\t\t\t\t<\/div>\r\n\t\t\t\t\t\t\t\t\t<!-- areas-of-practise-item -->\r\n\t\t\t\t\t\t\t\t\t<\/div><div class=\"col-lg-6 col-md-6 col-sm-6 col-sm-12\">\r\n                               <!-- areas-of-practise-item -->\r\n                               <div class=\"areas-of-practise-item matchHeight\">\r\n                               <div class=\"holder\">\r\n                               <div class=\"row\">\r\n                               <div class=\"col-lg-6 col-md-6 col-sm-6 col-xs-12\">\r\n                               <div class=\"pic\"><img loading=\"lazy\" decoding=\"async\" width=\"1500\" height=\"1241\" src=\"https:\/\/haefligerelorandi.adv.br\/wp-content\/uploads\/2017\/06\/Family-Law-1.jpg\" class=\"attachment-attorneypress-advisors-areas size-attorneypress-advisors-areas wp-post-image\" alt=\"Family\" \/><\/div>\r\n                                <\/div>\r\n                                <div class=\"col-lg-6 col-md-6 col-sm-6 col-xs-12\">\r\n                                <div class=\"data\"><h4><a href=\"https:\/\/haefligerelorandi.adv.br\/index.php\/practice-areas\/familia-e-sucessoes\/\">Fam\u00edlia e Sucess\u00f5es<\/a><\/h4><p>Atua\u00e7\u00e3o no Direito Civil, principal ramo do direito privado, que engloba o conjunto de normas<\/p><a class=\"btn\"  href=\"https:\/\/haefligerelorandi.adv.br\/index.php\/practice-areas\/familia-e-sucessoes\/\">Read More<i class=\"fa fa-angle-right\"><\/i><\/a><\/div>\r\n\t\t\t\t\t\t\t\t\t<\/div>\r\n\t\t\t\t\t\t\t\t\t<\/div>\r\n\t\t\t\t\t\t\t\t\t<\/div>\r\n\t\t\t\t\t\t\t\t\t<\/div>\r\n\t\t\t\t\t\t\t\t\t<!-- areas-of-practise-item -->\r\n\t\t\t\t\t\t\t\t\t<\/div><div class=\"col-lg-6 col-md-6 col-sm-6 col-sm-12\">\r\n                               <!-- areas-of-practise-item -->\r\n                               <div class=\"areas-of-practise-item matchHeight\">\r\n                               <div class=\"holder\">\r\n                               <div class=\"row\">\r\n                               <div class=\"col-lg-6 col-md-6 col-sm-6 col-xs-12\">\r\n                               <div class=\"pic\"><img loading=\"lazy\" decoding=\"async\" width=\"1501\" height=\"1242\" src=\"https:\/\/haefligerelorandi.adv.br\/wp-content\/uploads\/2017\/06\/previdencia.jpg\" class=\"attachment-attorneypress-advisors-areas size-attorneypress-advisors-areas wp-post-image\" alt=\"\" srcset=\"https:\/\/haefligerelorandi.adv.br\/wp-content\/uploads\/2017\/06\/previdencia.jpg 1501w, https:\/\/haefligerelorandi.adv.br\/wp-content\/uploads\/2017\/06\/previdencia-300x248.jpg 300w, https:\/\/haefligerelorandi.adv.br\/wp-content\/uploads\/2017\/06\/previdencia-1024x847.jpg 1024w, https:\/\/haefligerelorandi.adv.br\/wp-content\/uploads\/2017\/06\/previdencia-768x635.jpg 768w\" sizes=\"auto, (max-width: 1501px) 100vw, 1501px\" \/><\/div>\r\n                                <\/div>\r\n                                <div class=\"col-lg-6 col-md-6 col-sm-6 col-xs-12\">\r\n                                <div class=\"data\"><h4><a href=\"https:\/\/haefligerelorandi.adv.br\/index.php\/practice-areas\/property-law\/\">Previdenci\u00e1rio<\/a><\/h4><p>Atrav\u00e9s da atua\u00e7\u00e3o no Direito Previdenci\u00e1rio (regulamenta\u00e7\u00e3o da seguridade social)<\/p><a class=\"btn\"  href=\"https:\/\/haefligerelorandi.adv.br\/index.php\/practice-areas\/property-law\/\">Read More<i class=\"fa fa-angle-right\"><\/i><\/a><\/div>\r\n\t\t\t\t\t\t\t\t\t<\/div>\r\n\t\t\t\t\t\t\t\t\t<\/div>\r\n\t\t\t\t\t\t\t\t\t<\/div>\r\n\t\t\t\t\t\t\t\t\t<\/div>\r\n\t\t\t\t\t\t\t\t\t<!-- areas-of-practise-item -->\r\n\t\t\t\t\t\t\t\t\t<\/div><div class=\"col-lg-6 col-md-6 col-sm-6 col-sm-12\">\r\n                               <!-- areas-of-practise-item -->\r\n                               <div class=\"areas-of-practise-item matchHeight\">\r\n                               <div class=\"holder\">\r\n                               <div class=\"row\">\r\n                               <div class=\"col-lg-6 col-md-6 col-sm-6 col-xs-12\">\r\n                               <div class=\"pic\"><img loading=\"lazy\" decoding=\"async\" width=\"1501\" height=\"1242\" src=\"https:\/\/haefligerelorandi.adv.br\/wp-content\/uploads\/2017\/06\/consumidor.jpg\" class=\"attachment-attorneypress-advisors-areas size-attorneypress-advisors-areas wp-post-image\" alt=\"\" srcset=\"https:\/\/haefligerelorandi.adv.br\/wp-content\/uploads\/2017\/06\/consumidor.jpg 1501w, https:\/\/haefligerelorandi.adv.br\/wp-content\/uploads\/2017\/06\/consumidor-300x248.jpg 300w, https:\/\/haefligerelorandi.adv.br\/wp-content\/uploads\/2017\/06\/consumidor-1024x847.jpg 1024w, https:\/\/haefligerelorandi.adv.br\/wp-content\/uploads\/2017\/06\/consumidor-768x635.jpg 768w\" sizes=\"auto, (max-width: 1501px) 100vw, 1501px\" \/><\/div>\r\n                                <\/div>\r\n                                <div class=\"col-lg-6 col-md-6 col-sm-6 col-xs-12\">\r\n                                <div class=\"data\"><h4><a href=\"https:\/\/haefligerelorandi.adv.br\/index.php\/practice-areas\/consumidor\/\">Consumidor<\/a><\/h4><p>Atrav\u00e9s da atua\u00e7\u00e3o no Direito do Consumidor, buscamos cuidar dos casos relacionados ao consumo e <\/p><a class=\"btn\"  href=\"https:\/\/haefligerelorandi.adv.br\/index.php\/practice-areas\/consumidor\/\">Read More<i class=\"fa fa-angle-right\"><\/i><\/a><\/div>\r\n\t\t\t\t\t\t\t\t\t<\/div>\r\n\t\t\t\t\t\t\t\t\t<\/div>\r\n\t\t\t\t\t\t\t\t\t<\/div>\r\n\t\t\t\t\t\t\t\t\t<\/div>\r\n\t\t\t\t\t\t\t\t\t<!-- areas-of-practise-item -->\r\n\t\t\t\t\t\t\t\t\t<\/div><div class=\"col-lg-6 col-md-6 col-sm-6 col-sm-12\">\r\n                               <!-- areas-of-practise-item -->\r\n                               <div class=\"areas-of-practise-item matchHeight\">\r\n                               <div class=\"holder\">\r\n                               <div class=\"row\">\r\n                               <div class=\"col-lg-6 col-md-6 col-sm-6 col-xs-12\">\r\n                               <div class=\"pic\"><img loading=\"lazy\" decoding=\"async\" width=\"1500\" height=\"1241\" src=\"https:\/\/haefligerelorandi.adv.br\/wp-content\/uploads\/2017\/06\/Criminal-Law.jpg\" class=\"attachment-attorneypress-advisors-areas size-attorneypress-advisors-areas wp-post-image\" alt=\"Criminal Law\" \/><\/div>\r\n                                <\/div>\r\n                                <div class=\"col-lg-6 col-md-6 col-sm-6 col-xs-12\">\r\n                                <div class=\"data\"><h4><a href=\"https:\/\/haefligerelorandi.adv.br\/index.php\/practice-areas\/criminal-law\/\">Sucess\u00f5es<\/a><\/h4><p>dolor sit amet, consectetur adipiscing elit, sed do eiusmod. Lorem ipsum dolor sit amet, consectetur<\/p><a class=\"btn\"  href=\"https:\/\/haefligerelorandi.adv.br\/index.php\/practice-areas\/criminal-law\/\">Read More<i class=\"fa fa-angle-right\"><\/i><\/a><\/div>\r\n\t\t\t\t\t\t\t\t\t<\/div>\r\n\t\t\t\t\t\t\t\t\t<\/div>\r\n\t\t\t\t\t\t\t\t\t<\/div>\r\n\t\t\t\t\t\t\t\t\t<\/div>\r\n\t\t\t\t\t\t\t\t\t<!-- areas-of-practise-item -->\r\n\t\t\t\t\t\t\t\t\t<\/div><\/div>\r\n                        <!-- areas-of-practise -->[\/vc_column_inner][\/vc_row_inner][\/vc_column][\/vc_row]<\/p>\n","protected":false},"excerpt":{"rendered":"<p>[vc_row full_width=&#8221;stretch_row&#8221; css=&#8221;.vc_custom_1513078972248{margin-top: 0px !important;margin-bottom: 0px !important;padding-top: 60px !important;padding-bottom: 40px !important;background-color: #ffffff !important;}&#8221;][vc_column css=&#8221;.vc_custom_1496743058962{padding-top: 0px !important;padding-bottom: 0px !important;}&#8221;][vc_custom_heading text=&#8221;Atua\u00e7\u00e3o&#8221; font_container=&#8221;tag:h1|text_align:center&#8221; use_theme_fonts=&#8221;yes&#8221; css=&#8221;.vc_custom_1616459542075{margin-top: 0px !important;margin-bottom: 15px !important;}&#8221;][vc_single_image image=&#8221;1323&#8243; img_size=&#8221;full&#8221; alignment=&#8221;center&#8221; css=&#8221;.vc_custom_1513079023525{margin-top: 0px !important;margin-bottom: 0px !important;padding-top: 0px !important;padding-bottom: 0px !important;}&#8221;][vc_column_text css=&#8221;.vc_custom_1499329053270{margin-top: 0px !important;margin-bottom: 70px !important;}&#8221; el_class=&#8221;home-welcome-text&#8221;] Lorem ipsum dolor sit amet, consectetur adipiscing elit, sed do eiusmod [&hellip;]<\/p>\n","protected":false},"author":1,"featured_media":1636,"parent":0,"menu_order":0,"comment_status":"closed","ping_status":"closed","template":"","meta":{"footnotes":""},"class_list":["post-1570","page","type-page","status-publish","has-post-thumbnail","hentry"],"_links":{"self":[{"href":"https:\/\/haefligerelorandi.adv.br\/index.php\/wp-json\/wp\/v2\/pages\/1570","targetHints":{"allow":["GET"]}}],"collection":[{"href":"https:\/\/haefligerelorandi.adv.br\/index.php\/wp-json\/wp\/v2\/pages"}],"about":[{"href":"https:\/\/haefligerelorandi.adv.br\/index.php\/wp-json\/wp\/v2\/types\/page"}],"author":[{"embeddable":true,"href":"https:\/\/haefligerelorandi.adv.br\/index.php\/wp-json\/wp\/v2\/users\/1"}],"replies":[{"embeddable":true,"href":"https:\/\/haefligerelorandi.adv.br\/index.php\/wp-json\/wp\/v2\/comments?post=1570"}],"version-history":[{"count":2,"href":"https:\/\/haefligerelorandi.adv.br\/index.php\/wp-json\/wp\/v2\/pages\/1570\/revisions"}],"predecessor-version":[{"id":1677,"href":"https:\/\/haefligerelorandi.adv.br\/index.php\/wp-json\/wp\/v2\/pages\/1570\/revisions\/1677"}],"wp:featuredmedia":[{"embeddable":true,"href":"https:\/\/haefligerelorandi.adv.br\/index.php\/wp-json\/wp\/v2\/media\/1636"}],"wp:attachment":[{"href":"https:\/\/haefligerelorandi.adv.br\/index.php\/wp-json\/wp\/v2\/media?parent=1570"}],"curies":[{"name":"wp","href":"https:\/\/api.w.org\/{rel}","templated":true}]}}